{"id":933,"date":"2024-01-04T23:26:09","date_gmt":"2024-01-05T02:26:09","guid":{"rendered":"https:\/\/amparosocial.com.br\/?page_id=933"},"modified":"2024-01-08T22:41:30","modified_gmt":"2024-01-09T01:41:30","slug":"politicas-de-privacidade","status":"publish","type":"page","link":"https:\/\/amparosocial.com.br\/?page_id=933","title":{"rendered":"Pol\u00edticas de privacidade"},"content":{"rendered":"\t\t<div data-elementor-type=\"wp-page\" data-elementor-id=\"933\" class=\"elementor elementor-933\" data-elementor-post-type=\"page\">\n\t\t\t\t\t\t<section class=\"elementor-section elementor-top-section elementor-element elementor-element-980b4d5 elementor-section-boxed elementor-section-height-default elementor-section-height-default\" data-id=\"980b4d5\" data-element_type=\"section\" data-e-type=\"section\" id=\"faleconosco\" data-settings=\"{&quot;background_background&quot;:&quot;classic&quot;}\">\n\t\t\t\t\t\t\t<div class=\"elementor-background-overlay\"><\/div>\n\t\t\t\t\t\t\t<div class=\"elementor-container elementor-column-gap-default\">\n\t\t\t\t\t<div class=\"elementor-column elementor-col-100 elementor-top-column elementor-element elementor-element-2c651e21\" data-id=\"2c651e21\" data-element_type=\"column\" data-e-type=\"column\" data-settings=\"{&quot;background_background&quot;:&quot;classic&quot;}\">\n\t\t\t<div class=\"elementor-widget-wrap elementor-element-populated\">\n\t\t\t\t\t\t<div class=\"elementor-element elementor-element-8144f57 elementor-widget elementor-widget-heading\" data-id=\"8144f57\" data-element_type=\"widget\" data-e-type=\"widget\" data-widget_type=\"heading.default\">\n\t\t\t\t<div class=\"elementor-widget-container\">\n\t\t\t\t\t<h2 class=\"elementor-heading-title elementor-size-default\">Pol\u00edticas de privacidade\n<\/h2>\t\t\t\t<\/div>\n\t\t\t\t<\/div>\n\t\t\t\t<div class=\"elementor-element elementor-element-e4670a8 elementor-widget elementor-widget-text-editor\" data-id=\"e4670a8\" data-element_type=\"widget\" data-e-type=\"widget\" data-widget_type=\"text-editor.default\">\n\t\t\t\t<div class=\"elementor-widget-container\">\n\t\t\t\t\t\t\t\t\t<p><strong>Todas as suas informa\u00e7\u00f5es pessoais recolhidas, somente ser\u00e3o usadas para o ajudar e tornar sua visita no nosso site o mais agrad\u00e1vel poss\u00edvel.<\/strong><\/p><p>A garantia da confidencialidade dos dados pessoais dos utilizadores do nosso site \u00e9 importante para a\u00a0<strong><em>Amparo Sacial<\/em><\/strong>. Todas as informa\u00e7\u00f5es pessoais relativas aos membros, promotores de vendas, assinantes, clientes e\/ou visitantes no site da <strong><em>Amparo Sacial<\/em><\/strong><strong><em>\u00a0<\/em><\/strong>ser\u00e3o tratadas em concord\u00e2ncia com a Lei Geral de Prote\u00e7\u00e3o de Dados Pessoais (LGPD ou LGPDP), ou seja, a Lei n\u00ba 13.709\/2018 (que tratada legisla\u00e7\u00e3o brasileira que regula as atividades de tratamento de dados pessoais).<\/p><p>A informa\u00e7\u00e3o pessoal recolhida pode incluir o seu nome, e-mail, n\u00famero de telefone, resid\u00eancia, data de nascimento e\/ou outros dados. O uso e\/ou navega\u00e7\u00e3o no site da <strong><em>Amparo Sacial<\/em><\/strong><strong><em>\u00a0<\/em><\/strong>pressup\u00f5e a aceita\u00e7\u00e3o deste Acordo de privacidade. A equipe da <strong><em>Amparo Sacial<\/em><\/strong><strong><em>\u00a0<\/em><\/strong>reserva-se ao direito de alterar este acordo a qualquer momento, sem aviso pr\u00e9vio. Deste modo, recomendamos que consulte a nossa pol\u00edtica de privacidade com regularidade, de forma a estar sempre atualizado.<\/p><h4><strong>Os an\u00fancios<\/strong><\/h4><p>Tal como nos outros websites, coletamos e utilizamos os dados contidos nos an\u00fancios. A informa\u00e7\u00e3o contida nos an\u00fancios, inclui o seu endere\u00e7o IP (<em>Internet Protocol<\/em>), o seu ISP (<em>Internet Service Provider<\/em>, como o\u00a0<em>Sapo<\/em>,\u00a0<em>Clix<\/em>ou outro), o\u00a0<em>browser<\/em>\u00a0que utilizou ao visitar o nosso website (como o Internet Explorer ou o Firefox), o tempo da sua visita e que p\u00e1ginas visitou dentro do nosso website.<\/p><h4><strong>Os Cookies e Web Beacons<\/strong><\/h4><p>Utilizamos cookies para armazenar informa\u00e7\u00e3o, tais como as suas prefer\u00eancias pessoais quando da sua visita o nosso website. Isto poder\u00e1 incluir um simples popup, ou uma liga\u00e7\u00e3o em v\u00e1rios servi\u00e7os que providenciamos, tais como f\u00f3runs.<\/p><p>Em adi\u00e7\u00e3o tamb\u00e9m utilizamos publicidade de terceiros no nosso website para suportar os custos de manuten\u00e7\u00e3o. Alguns destes publicit\u00e1rios, poder\u00e3o utilizar tecnologias como os cookies e\/ou\u00a0<em>web beacons<\/em>\u00a0quando publicitam no nosso website, o que far\u00e1 com que esses publicit\u00e1rios (como o Google atrav\u00e9s do\u00a0<em>Google AdSense<\/em>) tamb\u00e9m recebam a sua informa\u00e7\u00e3o pessoal, como o endere\u00e7o IP, o seu ISP, o seu\u00a0<em>browser<\/em>, etc. Esta fun\u00e7\u00e3o \u00e9 geralmente utilizada para\u00a0<em>geotargeting\u00a0<\/em>(mostrar publicidade de Lisboa apenas aos leitores oriundos de Lisboa por ex.) ou apresentar publicidade direcionada a um tipo de utilizador (como mostrar publicidade de restaurante a um utilizador que visita sites de culin\u00e1ria regularmente, por ex.).<\/p><p>Voc\u00ea det\u00e9m o poder de desligar os seus cookies, nas op\u00e7\u00f5es do seu\u00a0<em>browser<\/em>, ou efetuando altera\u00e7\u00f5es nas ferramentas de programas Antiv\u00edrus, como o\u00a0<em>Norton Internet Security<\/em>. No entanto, isso poder\u00e1 alterar a forma como interage com o nosso website, ou outros websites. Isso poder\u00e1 afetar ou n\u00e3o permitir que fa\u00e7a logins em programas, sites ou f\u00f3runs da nossa e de outras redes.<\/p><h4><strong>Liga\u00e7\u00f5es a Sites de terceiros<\/strong><\/h4><p>A\u00a0 <strong><em>Amparo Sacial<\/em><\/strong><strong><em>\u00a0<\/em><\/strong>possui liga\u00e7\u00f5es para outros sites, os quais, a nosso ver, podem conter informa\u00e7\u00f5es \/ ferramentas \u00fateis para os nossos visitantes. A nossa pol\u00edtica de privacidade n\u00e3o \u00e9 aplicada a sites de terceiros, pelo que, caso visite outro site a partir do nosso dever\u00e1 ler a pol\u00edtica de privacidade do mesmo.<\/p><p>N\u00e3o nos responsabilizamos pela pol\u00edtica de privacidade ou conte\u00fado presente nos sites de terceiros.<\/p><h4><strong>Aten\u00e7\u00e3o<\/strong><\/h4><p>A Lei Geral de Prote\u00e7\u00e3o de Dados (LGPD) foi uma iniciativa nacional para estabelecer par\u00e2metros legais aos usos de dados pessoais. Esta regulamenta\u00e7\u00e3o foi espelhada no Regulamento Geral de Prote\u00e7\u00e3o de Dados (GDPR) estabelecido pela Comiss\u00e3o Europeia, e coloca o Brasil na lista de pa\u00edses seguros para a utiliza\u00e7\u00e3o de dados.<\/p><p>A <strong><em>Amparo Sacial<\/em><\/strong><strong><em>\u00a0<\/em><\/strong>PREZA PELA SEGURAN\u00c7A E CONFIDENCIALIDADE DOS SEUS DADOS.<\/p>\t\t\t\t\t\t\t\t<\/div>\n\t\t\t\t<\/div>\n\t\t\t\t\t<\/div>\n\t\t<\/div>\n\t\t\t\t\t<\/div>\n\t\t<\/section>\n\t\t\t\t<\/div>\n\t\t","protected":false},"excerpt":{"rendered":"<p>Pol\u00edticas de privacidade Todas as suas informa\u00e7\u00f5es pessoais recolhidas, somente ser\u00e3o usadas para o ajudar e tornar sua visita no nosso site o mais agrad\u00e1vel poss\u00edvel. A garantia da confidencialidade dos dados pessoais dos utilizadores do nosso site \u00e9 importante para a\u00a0Amparo Sacial. Todas as informa\u00e7\u00f5es pessoais relativas aos membros, promotores de vendas, assinantes, clientes [&hellip;]<\/p>\n","protected":false},"author":1,"featured_media":0,"parent":0,"menu_order":0,"comment_status":"closed","ping_status":"closed","template":"elementor_header_footer","meta":{"footnotes":""},"class_list":["post-933","page","type-page","status-publish","hentry","entry"],"_links":{"self":[{"href":"https:\/\/amparosocial.com.br\/index.php?rest_route=\/wp\/v2\/pages\/933","targetHints":{"allow":["GET"]}}],"collection":[{"href":"https:\/\/amparosocial.com.br\/index.php?rest_route=\/wp\/v2\/pages"}],"about":[{"href":"https:\/\/amparosocial.com.br\/index.php?rest_route=\/wp\/v2\/types\/page"}],"author":[{"embeddable":true,"href":"https:\/\/amparosocial.com.br\/index.php?rest_route=\/wp\/v2\/users\/1"}],"replies":[{"embeddable":true,"href":"https:\/\/amparosocial.com.br\/index.php?rest_route=%2Fwp%2Fv2%2Fcomments&post=933"}],"version-history":[{"count":16,"href":"https:\/\/amparosocial.com.br\/index.php?rest_route=\/wp\/v2\/pages\/933\/revisions"}],"predecessor-version":[{"id":1229,"href":"https:\/\/amparosocial.com.br\/index.php?rest_route=\/wp\/v2\/pages\/933\/revisions\/1229"}],"wp:attachment":[{"href":"https:\/\/amparosocial.com.br\/index.php?rest_route=%2Fwp%2Fv2%2Fmedia&parent=933"}],"curies":[{"name":"wp","href":"https:\/\/api.w.org\/{rel}","templated":true}]}}